{"id":42642,"date":"2025-02-16T12:18:38","date_gmt":"2025-02-16T11:18:38","guid":{"rendered":"https:\/\/vidaplus.eu\/?page_id=42642"},"modified":"2025-03-05T18:19:50","modified_gmt":"2025-03-05T17:19:50","slug":"aviso-legal","status":"publish","type":"page","link":"https:\/\/www.vidaplus.eu\/en\/aviso-legal\/","title":{"rendered":"Aviso Legal"},"content":{"rendered":"<div data-elementor-type=\"wp-page\" data-elementor-id=\"42642\" class=\"elementor elementor-42642\">\n\t\t\t\t<div class=\"elementor-element elementor-element-8cbc33d e-flex e-con-boxed e-con e-parent\" data-id=\"8cbc33d\" data-element_type=\"container\" data-e-type=\"container\">\n\t\t\t\t\t<div class=\"e-con-inner\">\n\t\t<div class=\"elementor-element elementor-element-92a7a31 e-con-full e-flex e-con e-child\" data-id=\"92a7a31\" data-element_type=\"container\" data-e-type=\"container\">\n\t\t\t\t<div class=\"elementor-element elementor-element-626de4f lte-watermark-offset-1 elementor-widget elementor-widget-lte-header\" data-id=\"626de4f\" data-element_type=\"widget\" data-e-type=\"widget\" data-widget_type=\"lte-header.default\">\n\t\t\t\t<div class=\"elementor-widget-container\">\n\t\t\t\t\t<div class=\"lte-heading lte-style-header-subheader has-subheader heading-tag-h2 heading-subtag-h6\"><div class=\"lte-heading-content\"><h6 class=\"lte-subheader\">General Information<\/h6><h2 class=\"lte-header\">Aviso Legal<\/h2><\/div><\/div>\t\t\t\t<\/div>\n\t\t\t\t<\/div>\n\t\t\t\t<\/div>\n\t\t<div class=\"elementor-element elementor-element-bf0dc69 e-con-full e-flex e-con e-child\" data-id=\"bf0dc69\" data-element_type=\"container\" data-e-type=\"container\">\n\t\t\t\t<div class=\"elementor-element elementor-element-d4c3081 elementor-widget elementor-widget-text-editor\" data-id=\"d4c3081\" data-element_type=\"widget\" data-e-type=\"widget\" data-widget_type=\"text-editor.default\">\n\t\t\t\t<div class=\"elementor-widget-container\">\n\t\t\t\t\t\t\t\t\t<p>En cumplimiento de la normativa vigente, se informa que el sitio web <strong><a href=\"http:\/\/www.vidaplus.eu\/en\/\">www.vidaplus.eu<\/a><\/strong> es operado por:<\/p><p><strong>Raz\u00f3n Social:<\/strong> Alpha Iberian Soluci\u00f3nes M\u00e9dicas SL<br \/><strong>Domicilio Social:<\/strong> Calle de Hermosilla 48, 1\u00ba, 28001 Madrid, Espa\u00f1a<br \/><strong>CIF:<\/strong> B16720392<br \/><strong>Correo Electr\u00f3nico:<\/strong> <a href=\"\/en\/info@vidaplus.eu\/\">i<\/a>nfo@vidaplus.eu<\/p><p><strong>Objeto del Sitio Web<br \/><\/strong>VIDA+ es una plataforma de intermediaci\u00f3n que facilita la reserva de tratamientos de terapia intravenosa en cl\u00ednicas colaboradoras independientes. VIDA+ no desarrolla, administra ni supervisa tratamientos m\u00e9dicos, limit\u00e1ndose a gestionar el proceso de reserva y pago de los servicios ofrecidos por terceros.<\/p><p><strong>Propiedad Intelectual<br \/><\/strong>Todos los contenidos de este sitio web, incluyendo textos, im\u00e1genes, logotipos, dise\u00f1o y estructura, est\u00e1n protegidos por derechos de propiedad intelectual y no pueden ser reproducidos, distribuidos o utilizados sin autorizaci\u00f3n expresa de Alpha Iberian Soluci\u00f3nes M\u00e9dicas SL.<\/p><p><strong>Responsabilidad<br \/><\/strong>Alpha Iberian Soluci\u00f3nes M\u00e9dicas SL no asume ninguna responsabilidad por los tratamientos m\u00e9dicos ofrecidos por las cl\u00ednicas colaboradoras ni por la informaci\u00f3n proporcionada por terceros en este sitio web. Cualquier cuesti\u00f3n relacionada con los tratamientos deber\u00e1 ser consultada directamente con la cl\u00ednica correspondiente.<\/p><p><strong>Protecci\u00f3n de Datos<br \/><\/strong>El tratamiento de los datos personales se realiza conforme a la normativa de protecci\u00f3n de datos aplicable. Para m\u00e1s informaci\u00f3n, consulte nuestra <strong>Pol\u00edtica de Privacidad<\/strong>.<\/p><p><strong>Legislaci\u00f3n Aplicable<br \/><\/strong>Este aviso legal se rige por la legislaci\u00f3n espa\u00f1ola. Cualquier disputa ser\u00e1 resuelta ante los tribunales competentes de Madrid, Espa\u00f1a.<\/p>\t\t\t\t\t\t\t\t<\/div>\n\t\t\t\t<\/div>\n\t\t\t\t<\/div>\n\t\t\t\t\t<\/div>\n\t\t\t\t<\/div>\n\t\t\t\t<\/div>","protected":false},"excerpt":{"rendered":"<p>Informaci\u00f3n General Aviso Legal En cumplimiento de la normativa vigente, se informa que el sitio web www.vidaplus.eu es operado por: Raz\u00f3n Social: Alpha Iberian Soluci\u00f3nes M\u00e9dicas SLDomicilio Social: Calle de [&hellip;]<\/p>","protected":false},"author":1,"featured_media":0,"parent":0,"menu_order":0,"comment_status":"closed","ping_status":"closed","template":"","meta":{"footnotes":""},"class_list":["post-42642","page","type-page","status-publish","hentry"],"_links":{"self":[{"href":"https:\/\/www.vidaplus.eu\/en\/wp-json\/wp\/v2\/pages\/42642","targetHints":{"allow":["GET"]}}],"collection":[{"href":"https:\/\/www.vidaplus.eu\/en\/wp-json\/wp\/v2\/pages"}],"about":[{"href":"https:\/\/www.vidaplus.eu\/en\/wp-json\/wp\/v2\/types\/page"}],"author":[{"embeddable":true,"href":"https:\/\/www.vidaplus.eu\/en\/wp-json\/wp\/v2\/users\/1"}],"replies":[{"embeddable":true,"href":"https:\/\/www.vidaplus.eu\/en\/wp-json\/wp\/v2\/comments?post=42642"}],"version-history":[{"count":10,"href":"https:\/\/www.vidaplus.eu\/en\/wp-json\/wp\/v2\/pages\/42642\/revisions"}],"predecessor-version":[{"id":42836,"href":"https:\/\/www.vidaplus.eu\/en\/wp-json\/wp\/v2\/pages\/42642\/revisions\/42836"}],"wp:attachment":[{"href":"https:\/\/www.vidaplus.eu\/en\/wp-json\/wp\/v2\/media?parent=42642"}],"curies":[{"name":"wp","href":"https:\/\/api.w.org\/{rel}","templated":true}]}}