{"id":43453,"date":"2025-04-06T15:52:26","date_gmt":"2025-04-06T13:52:26","guid":{"rendered":"https:\/\/www.vidaplus.eu\/?page_id=43453"},"modified":"2025-04-07T23:33:10","modified_gmt":"2025-04-07T21:33:10","slug":"antiedad","status":"publish","type":"page","link":"https:\/\/www.vidaplus.eu\/en\/antiedad\/","title":{"rendered":"ANTIEDAD"},"content":{"rendered":"<div data-elementor-type=\"wp-page\" data-elementor-id=\"43453\" class=\"elementor elementor-43453\">\n\t\t\t\t<div class=\"elementor-element elementor-element-d5d1d6c e-flex e-con-boxed e-con e-parent\" data-id=\"d5d1d6c\" data-element_type=\"container\" data-e-type=\"container\">\n\t\t\t\t\t<div class=\"e-con-inner\">\n\t\t<div class=\"elementor-element elementor-element-3ac9de4 e-con-full e-flex e-con e-child\" data-id=\"3ac9de4\" data-element_type=\"container\" data-e-type=\"container\">\n\t\t\t\t<div class=\"elementor-element elementor-element-8322a6d elementor-widget elementor-widget-image\" data-id=\"8322a6d\" data-element_type=\"widget\" data-e-type=\"widget\" data-widget_type=\"image.default\">\n\t\t\t\t<div class=\"elementor-widget-container\">\n\t\t\t\t\t\t\t\t\t\t\t\t\t\t\t<img decoding=\"async\" src=\"https:\/\/www.vidaplus.eu\/wp-content\/uploads\/elementor\/thumbs\/antiedad-r2mb7bvidshulz1yramvzzcnc022fbu88jo19spiku.png\" title=\"antiedad\" alt=\"antiedad\" loading=\"lazy\" \/>\t\t\t\t\t\t\t\t\t\t\t\t\t\t\t<\/div>\n\t\t\t\t<\/div>\n\t\t\t\t<\/div>\n\t\t<div class=\"elementor-element elementor-element-a9a3822 e-con-full e-flex e-con e-child\" data-id=\"a9a3822\" data-element_type=\"container\" data-e-type=\"container\">\n\t\t\t\t<div class=\"elementor-element elementor-element-5c9edae lte-heading-align-tablet-center lte-watermark-offset-1 elementor-widget elementor-widget-lte-header\" data-id=\"5c9edae\" data-element_type=\"widget\" data-e-type=\"widget\" data-widget_type=\"lte-header.default\">\n\t\t\t\t<div class=\"elementor-widget-container\">\n\t\t\t\t\t<div class=\"lte-heading lte-style-header-subheader heading-tag-h2 heading-subtag-h6\"><div class=\"lte-heading-content\"><h2 class=\"lte-header\">ANTIEDAD<\/h2><\/div><\/div>\t\t\t\t<\/div>\n\t\t\t\t<\/div>\n\t\t\t\t<div class=\"elementor-element elementor-element-5023e54 elementor-widget__width-initial elementor-widget-tablet_extra__width-initial elementor-widget elementor-widget-text-editor\" data-id=\"5023e54\" data-element_type=\"widget\" data-e-type=\"widget\" data-widget_type=\"text-editor.default\">\n\t\t\t\t<div class=\"elementor-widget-container\">\n\t\t\t\t\t\t\t\t\t<p><strong data-start=\"103\" data-end=\"115\">Antiedad<\/strong> es una f\u00f3rmula infusionable de composici\u00f3n amplia, dise\u00f1ada para complementar rutinas orientadas al cuidado personal avanzado. Su combinaci\u00f3n de minerales, amino\u00e1cidos y vitaminas representa una propuesta moderna dentro del concepto de bienestar integral.<\/p><p><strong>Ingredientes:<\/strong><\/p><ul><li>Sulfato de magnesio<\/li><li>Gluconato de calcio<\/li><li>Selenio<\/li><li>Zinc<\/li><li>Vitamina C<\/li><li>Vitamina B5<\/li><li>Vitamina B6<\/li><li>Vitamina B12<\/li><\/ul>\t\t\t\t\t\t\t\t<\/div>\n\t\t\t\t<\/div>\n\t\t\t\t<\/div>\n\t\t\t\t\t<\/div>\n\t\t\t\t<\/div>\n\t\t<div class=\"elementor-element elementor-element-360b613 e-flex e-con-boxed e-con e-parent\" data-id=\"360b613\" data-element_type=\"container\" data-e-type=\"container\">\n\t\t\t\t\t<div class=\"e-con-inner\">\n\t\t\t\t<div class=\"elementor-element elementor-element-45cee10 lte-heading-align-tablet-center lte-watermark-offset-1 elementor-widget elementor-widget-lte-header\" data-id=\"45cee10\" data-element_type=\"widget\" data-e-type=\"widget\" data-widget_type=\"lte-header.default\">\n\t\t\t\t<div class=\"elementor-widget-container\">\n\t\t\t\t\t<div class=\"lte-heading lte-style-header-subheader heading-tag-h5 heading-subtag-h6\"><div class=\"lte-heading-content\"><h5 class=\"lte-header\">Reservar cita ahora<\/h5><\/div><\/div>\t\t\t\t<\/div>\n\t\t\t\t<\/div>\n\t\t\t\t\t<\/div>\n\t\t\t\t<\/div>\n\t\t<div class=\"elementor-element elementor-element-d83a4a4 e-flex e-con-boxed e-con e-parent\" data-id=\"d83a4a4\" data-element_type=\"container\" data-e-type=\"container\">\n\t\t\t\t\t<div class=\"e-con-inner\">\n\t\t\t\t<div class=\"elementor-element elementor-element-2cf56e8 elementor-widget elementor-widget-catalogbooking\" data-id=\"2cf56e8\" data-element_type=\"widget\" data-e-type=\"widget\" data-widget_type=\"catalogbooking.default\">\n\t\t\t\t<div class=\"elementor-widget-container\">\n\t\t\t\t\t\r\n<script>\r\n  if (typeof hasAmeliaEntitiesApiCall === 'undefined' && '' === '') {\r\n    var hasAmeliaEntitiesApiCall = true;\r\n  }\r\n  var ameliaShortcodeData = (typeof ameliaShortcodeData === 'undefined') ? [] : ameliaShortcodeData;\r\n  ameliaShortcodeData.push(\r\n    {\r\n      'hasApiCall': (typeof hasAmeliaEntitiesApiCall !== 'undefined') && hasAmeliaEntitiesApiCall,\r\n      'trigger': '',\r\n      'trigger_type': '',\r\n      'triggered_form': 'cbf',\r\n      'in_dialog': '',\r\n      'show': '',\r\n      'counter': '1000',\r\n      'package': '',\r\n      'category': '',\r\n      'service': '12',\r\n      'employee': '',\r\n      'location': '',\r\n      'categories_hidden': ''\r\n    }\r\n  );\r\n  var ameliaShortcodeDataTriggered = (typeof ameliaShortcodeDataTriggered === 'undefined') ? [] : ameliaShortcodeDataTriggered;\r\n  if (ameliaShortcodeData[ameliaShortcodeData.length - 1].trigger !== '') {\r\n    if (ameliaShortcodeDataTriggered.filter(a => a.counter === ameliaShortcodeData[ameliaShortcodeData.length - 1].counter).length === 0) {\r\n      ameliaShortcodeDataTriggered.push(ameliaShortcodeData.pop());\r\n    } else {\r\n      ameliaShortcodeData.pop()\r\n    }\r\n  }\r\n  if (typeof hasAmeliaEntitiesApiCall !== 'undefined' && hasAmeliaEntitiesApiCall) {\r\n    hasAmeliaEntitiesApiCall = false;\r\n  }\r\n<\/script>\r\n\r\n<div\r\n  id=\"amelia-v2-booking-1000\"\r\n  class=\"amelia-v2-booking\"\r\n>\r\n    <catalog-form-wrapper><\/catalog-form-wrapper><\/div>\r\n\t\t\t\t<\/div>\n\t\t\t\t<\/div>\n\t\t\t\t\t<\/div>\n\t\t\t\t<\/div>\n\t\t\t\t<\/div>","protected":false},"excerpt":{"rendered":"<p>ANTIEDAD Antiedad es una f\u00f3rmula infusionable de composici\u00f3n amplia, dise\u00f1ada para complementar rutinas orientadas al cuidado personal avanzado. Su combinaci\u00f3n de minerales, amino\u00e1cidos y vitaminas representa una propuesta moderna dentro [&hellip;]<\/p>","protected":false},"author":1,"featured_media":0,"parent":0,"menu_order":0,"comment_status":"closed","ping_status":"closed","template":"","meta":{"footnotes":""},"class_list":["post-43453","page","type-page","status-publish","hentry"],"_links":{"self":[{"href":"https:\/\/www.vidaplus.eu\/en\/wp-json\/wp\/v2\/pages\/43453","targetHints":{"allow":["GET"]}}],"collection":[{"href":"https:\/\/www.vidaplus.eu\/en\/wp-json\/wp\/v2\/pages"}],"about":[{"href":"https:\/\/www.vidaplus.eu\/en\/wp-json\/wp\/v2\/types\/page"}],"author":[{"embeddable":true,"href":"https:\/\/www.vidaplus.eu\/en\/wp-json\/wp\/v2\/users\/1"}],"replies":[{"embeddable":true,"href":"https:\/\/www.vidaplus.eu\/en\/wp-json\/wp\/v2\/comments?post=43453"}],"version-history":[{"count":26,"href":"https:\/\/www.vidaplus.eu\/en\/wp-json\/wp\/v2\/pages\/43453\/revisions"}],"predecessor-version":[{"id":43718,"href":"https:\/\/www.vidaplus.eu\/en\/wp-json\/wp\/v2\/pages\/43453\/revisions\/43718"}],"wp:attachment":[{"href":"https:\/\/www.vidaplus.eu\/en\/wp-json\/wp\/v2\/media?parent=43453"}],"curies":[{"name":"wp","href":"https:\/\/api.w.org\/{rel}","templated":true}]}}