{"id":43456,"date":"2025-04-06T15:53:06","date_gmt":"2025-04-06T13:53:06","guid":{"rendered":"https:\/\/www.vidaplus.eu\/?page_id=43456"},"modified":"2025-04-07T23:33:31","modified_gmt":"2025-04-07T21:33:31","slug":"detox","status":"publish","type":"page","link":"https:\/\/www.vidaplus.eu\/en\/detox\/","title":{"rendered":"DETOX"},"content":{"rendered":"<div data-elementor-type=\"wp-page\" data-elementor-id=\"43456\" class=\"elementor elementor-43456\">\n\t\t\t\t<div class=\"elementor-element elementor-element-dfd014b e-flex e-con-boxed e-con e-parent\" data-id=\"dfd014b\" data-element_type=\"container\" data-e-type=\"container\">\n\t\t\t\t\t<div class=\"e-con-inner\">\n\t\t<div class=\"elementor-element elementor-element-a1b04c6 e-con-full e-flex e-con e-child\" data-id=\"a1b04c6\" data-element_type=\"container\" data-e-type=\"container\">\n\t\t\t\t<div class=\"elementor-element elementor-element-67aae23 elementor-widget elementor-widget-image\" data-id=\"67aae23\" data-element_type=\"widget\" data-e-type=\"widget\" data-widget_type=\"image.default\">\n\t\t\t\t<div class=\"elementor-widget-container\">\n\t\t\t\t\t\t\t\t\t\t\t\t\t\t\t<img decoding=\"async\" src=\"https:\/\/www.vidaplus.eu\/wp-content\/uploads\/elementor\/thumbs\/detox-r2mb7ctckmj4xl0llt1ikh43xdxfn0xykobir2o4em.png\" title=\"detox\" alt=\"detox\" loading=\"lazy\" \/>\t\t\t\t\t\t\t\t\t\t\t\t\t\t\t<\/div>\n\t\t\t\t<\/div>\n\t\t\t\t<\/div>\n\t\t<div class=\"elementor-element elementor-element-42bb5b0 e-con-full e-flex e-con e-child\" data-id=\"42bb5b0\" data-element_type=\"container\" data-e-type=\"container\">\n\t\t\t\t<div class=\"elementor-element elementor-element-cbe8bbd lte-heading-align-tablet-center lte-watermark-offset-1 elementor-widget elementor-widget-lte-header\" data-id=\"cbe8bbd\" data-element_type=\"widget\" data-e-type=\"widget\" data-widget_type=\"lte-header.default\">\n\t\t\t\t<div class=\"elementor-widget-container\">\n\t\t\t\t\t<div class=\"lte-heading lte-style-header-subheader heading-tag-h2 heading-subtag-h6\"><div class=\"lte-heading-content\"><h2 class=\"lte-header\">DETOX<\/h2><\/div><\/div>\t\t\t\t<\/div>\n\t\t\t\t<\/div>\n\t\t\t\t<div class=\"elementor-element elementor-element-fd67a6e elementor-widget__width-initial elementor-widget-tablet_extra__width-initial elementor-widget elementor-widget-text-editor\" data-id=\"fd67a6e\" data-element_type=\"widget\" data-e-type=\"widget\" data-widget_type=\"text-editor.default\">\n\t\t\t\t<div class=\"elementor-widget-container\">\n\t\t\t\t\t\t\t\t\t<p class=\"\" data-start=\"64\" data-end=\"312\"><strong data-start=\"64\" data-end=\"73\">Detox<\/strong> es una infusi\u00f3n desarrollada para acompa\u00f1ar estilos de vida enfocados en el equilibrio y la renovaci\u00f3n. Su f\u00f3rmula incluye una selecci\u00f3n de amino\u00e1cidos dise\u00f1ada para integrarse de manera arm\u00f3nica en protocolos de bienestar personalizados.<\/p><p class=\"\" data-start=\"314\" data-end=\"461\"><strong data-start=\"314\" data-end=\"331\">Ingredientes:<\/strong><\/p><ul><li data-start=\"314\" data-end=\"461\">L-Alanil-L-Glutamina<\/li><li data-start=\"314\" data-end=\"461\">L-Metionina<\/li><li data-start=\"314\" data-end=\"461\">L-Ornitina<\/li><li data-start=\"314\" data-end=\"461\">Taurina<\/li><li data-start=\"314\" data-end=\"461\">L-Lisina HCl<\/li><li data-start=\"314\" data-end=\"461\">Glicina<\/li><li data-start=\"314\" data-end=\"461\">L-Arginina HCl<\/li><li data-start=\"314\" data-end=\"461\">L-Citrulina<\/li><li data-start=\"314\" data-end=\"461\">L-Carnitina<\/li><\/ul>\t\t\t\t\t\t\t\t<\/div>\n\t\t\t\t<\/div>\n\t\t\t\t<\/div>\n\t\t\t\t\t<\/div>\n\t\t\t\t<\/div>\n\t\t<div class=\"elementor-element elementor-element-cb26d0c e-flex e-con-boxed e-con e-parent\" data-id=\"cb26d0c\" data-element_type=\"container\" data-e-type=\"container\">\n\t\t\t\t\t<div class=\"e-con-inner\">\n\t\t\t\t<div class=\"elementor-element elementor-element-442c244 lte-heading-align-tablet-center lte-watermark-offset-1 elementor-widget elementor-widget-lte-header\" data-id=\"442c244\" data-element_type=\"widget\" data-e-type=\"widget\" data-widget_type=\"lte-header.default\">\n\t\t\t\t<div class=\"elementor-widget-container\">\n\t\t\t\t\t<div class=\"lte-heading lte-style-header-subheader heading-tag-h5 heading-subtag-h6\"><div class=\"lte-heading-content\"><h5 class=\"lte-header\">Reservar cita ahora<\/h5><\/div><\/div>\t\t\t\t<\/div>\n\t\t\t\t<\/div>\n\t\t\t\t\t<\/div>\n\t\t\t\t<\/div>\n\t\t<div class=\"elementor-element elementor-element-0ad79e1 e-flex e-con-boxed e-con e-parent\" data-id=\"0ad79e1\" data-element_type=\"container\" data-e-type=\"container\">\n\t\t\t\t\t<div class=\"e-con-inner\">\n\t\t\t\t<div class=\"elementor-element elementor-element-b020a47 elementor-widget elementor-widget-catalogbooking\" data-id=\"b020a47\" data-element_type=\"widget\" data-e-type=\"widget\" data-widget_type=\"catalogbooking.default\">\n\t\t\t\t<div class=\"elementor-widget-container\">\n\t\t\t\t\t\r\n<script>\r\n  if (typeof hasAmeliaEntitiesApiCall === 'undefined' && '' === '') {\r\n    var hasAmeliaEntitiesApiCall = true;\r\n  }\r\n  var ameliaShortcodeData = (typeof ameliaShortcodeData === 'undefined') ? [] : ameliaShortcodeData;\r\n  ameliaShortcodeData.push(\r\n    {\r\n      'hasApiCall': (typeof hasAmeliaEntitiesApiCall !== 'undefined') && hasAmeliaEntitiesApiCall,\r\n      'trigger': '',\r\n      'trigger_type': '',\r\n      'triggered_form': 'cbf',\r\n      'in_dialog': '',\r\n      'show': '',\r\n      'counter': '1000',\r\n      'package': '',\r\n      'category': '',\r\n      'service': '15',\r\n      'employee': '',\r\n      'location': '',\r\n      'categories_hidden': ''\r\n    }\r\n  );\r\n  var ameliaShortcodeDataTriggered = (typeof ameliaShortcodeDataTriggered === 'undefined') ? [] : ameliaShortcodeDataTriggered;\r\n  if (ameliaShortcodeData[ameliaShortcodeData.length - 1].trigger !== '') {\r\n    if (ameliaShortcodeDataTriggered.filter(a => a.counter === ameliaShortcodeData[ameliaShortcodeData.length - 1].counter).length === 0) {\r\n      ameliaShortcodeDataTriggered.push(ameliaShortcodeData.pop());\r\n    } else {\r\n      ameliaShortcodeData.pop()\r\n    }\r\n  }\r\n  if (typeof hasAmeliaEntitiesApiCall !== 'undefined' && hasAmeliaEntitiesApiCall) {\r\n    hasAmeliaEntitiesApiCall = false;\r\n  }\r\n<\/script>\r\n\r\n<div\r\n  id=\"amelia-v2-booking-1000\"\r\n  class=\"amelia-v2-booking\"\r\n>\r\n    <catalog-form-wrapper><\/catalog-form-wrapper><\/div>\r\n\t\t\t\t<\/div>\n\t\t\t\t<\/div>\n\t\t\t\t\t<\/div>\n\t\t\t\t<\/div>\n\t\t\t\t<\/div>","protected":false},"excerpt":{"rendered":"<p>DETOX Detox es una infusi\u00f3n desarrollada para acompa\u00f1ar estilos de vida enfocados en el equilibrio y la renovaci\u00f3n. Su f\u00f3rmula incluye una selecci\u00f3n de amino\u00e1cidos dise\u00f1ada para integrarse de manera [&hellip;]<\/p>","protected":false},"author":1,"featured_media":0,"parent":0,"menu_order":0,"comment_status":"closed","ping_status":"closed","template":"","meta":{"footnotes":""},"class_list":["post-43456","page","type-page","status-publish","hentry"],"_links":{"self":[{"href":"https:\/\/www.vidaplus.eu\/en\/wp-json\/wp\/v2\/pages\/43456","targetHints":{"allow":["GET"]}}],"collection":[{"href":"https:\/\/www.vidaplus.eu\/en\/wp-json\/wp\/v2\/pages"}],"about":[{"href":"https:\/\/www.vidaplus.eu\/en\/wp-json\/wp\/v2\/types\/page"}],"author":[{"embeddable":true,"href":"https:\/\/www.vidaplus.eu\/en\/wp-json\/wp\/v2\/users\/1"}],"replies":[{"embeddable":true,"href":"https:\/\/www.vidaplus.eu\/en\/wp-json\/wp\/v2\/comments?post=43456"}],"version-history":[{"count":17,"href":"https:\/\/www.vidaplus.eu\/en\/wp-json\/wp\/v2\/pages\/43456\/revisions"}],"predecessor-version":[{"id":43721,"href":"https:\/\/www.vidaplus.eu\/en\/wp-json\/wp\/v2\/pages\/43456\/revisions\/43721"}],"wp:attachment":[{"href":"https:\/\/www.vidaplus.eu\/en\/wp-json\/wp\/v2\/media?parent=43456"}],"curies":[{"name":"wp","href":"https:\/\/api.w.org\/{rel}","templated":true}]}}