{"id":43499,"date":"2025-04-06T15:56:45","date_gmt":"2025-04-06T13:56:45","guid":{"rendered":"https:\/\/www.vidaplus.eu\/?page_id=43499"},"modified":"2025-04-07T23:37:21","modified_gmt":"2025-04-07T21:37:21","slug":"hidratacion","status":"publish","type":"page","link":"https:\/\/www.vidaplus.eu\/en\/hidratacion\/","title":{"rendered":"HIDRATACI\u00d3N"},"content":{"rendered":"<div data-elementor-type=\"wp-page\" data-elementor-id=\"43499\" class=\"elementor elementor-43499\">\n\t\t\t\t<div class=\"elementor-element elementor-element-d9e8578 e-flex e-con-boxed e-con e-parent\" data-id=\"d9e8578\" data-element_type=\"container\" data-e-type=\"container\">\n\t\t\t\t\t<div class=\"e-con-inner\">\n\t\t<div class=\"elementor-element elementor-element-bcf08a0 e-con-full e-flex e-con e-child\" data-id=\"bcf08a0\" data-element_type=\"container\" data-e-type=\"container\">\n\t\t\t\t<div class=\"elementor-element elementor-element-4c436a5 elementor-widget elementor-widget-image\" data-id=\"4c436a5\" data-element_type=\"widget\" data-e-type=\"widget\" data-widget_type=\"image.default\">\n\t\t\t\t<div class=\"elementor-widget-container\">\n\t\t\t\t\t\t\t\t\t\t\t\t\t\t\t<img decoding=\"async\" src=\"https:\/\/www.vidaplus.eu\/wp-content\/uploads\/elementor\/thumbs\/hidratacion-r2mb7ep0yalpksxvaturpgn145o62f5f8xmhpmlc26.png\" title=\"hidratacion\" alt=\"hidratacion\" loading=\"lazy\" \/>\t\t\t\t\t\t\t\t\t\t\t\t\t\t\t<\/div>\n\t\t\t\t<\/div>\n\t\t\t\t<\/div>\n\t\t<div class=\"elementor-element elementor-element-64cfe12 e-con-full e-flex e-con e-child\" data-id=\"64cfe12\" data-element_type=\"container\" data-e-type=\"container\">\n\t\t\t\t<div class=\"elementor-element elementor-element-2b93160 lte-heading-align-tablet-center lte-watermark-offset-1 elementor-widget elementor-widget-lte-header\" data-id=\"2b93160\" data-element_type=\"widget\" data-e-type=\"widget\" data-widget_type=\"lte-header.default\">\n\t\t\t\t<div class=\"elementor-widget-container\">\n\t\t\t\t\t<div class=\"lte-heading lte-style-header-subheader heading-tag-h2 heading-subtag-h6\"><div class=\"lte-heading-content\"><h2 class=\"lte-header\">HIDRATACI\u00d3N<\/h2><\/div><\/div>\t\t\t\t<\/div>\n\t\t\t\t<\/div>\n\t\t\t\t<div class=\"elementor-element elementor-element-2c5fa0c elementor-widget__width-initial elementor-widget-tablet_extra__width-initial elementor-widget elementor-widget-text-editor\" data-id=\"2c5fa0c\" data-element_type=\"widget\" data-e-type=\"widget\" data-widget_type=\"text-editor.default\">\n\t\t\t\t<div class=\"elementor-widget-container\">\n\t\t\t\t\t\t\t\t\t<p><strong>Hidrataci\u00f3n<\/strong> es una infusi\u00f3n dise\u00f1ada para ofrecer una experiencia de renovaci\u00f3n desde dentro. Su f\u00f3rmula combina soluciones equilibradas con vitaminas esenciales, ideal para quienes priorizan el equilibrio y el bienestar en su d\u00eda a d\u00eda.<\/p><p><strong>Ingredientes:<\/strong><\/p><ul><li>Glucose solution<\/li><li>Saline solution<\/li><li>Sodium bicarbonate<\/li><li>Vitamin B complex<\/li><li>Vitamin C<\/li><\/ul>\t\t\t\t\t\t\t\t<\/div>\n\t\t\t\t<\/div>\n\t\t\t\t<\/div>\n\t\t\t\t\t<\/div>\n\t\t\t\t<\/div>\n\t\t<div class=\"elementor-element elementor-element-71a3d6a e-flex e-con-boxed e-con e-parent\" data-id=\"71a3d6a\" data-element_type=\"container\" data-e-type=\"container\">\n\t\t\t\t\t<div class=\"e-con-inner\">\n\t\t\t\t<div class=\"elementor-element elementor-element-a59fbe2 lte-heading-align-tablet-center lte-watermark-offset-1 elementor-widget elementor-widget-lte-header\" data-id=\"a59fbe2\" data-element_type=\"widget\" data-e-type=\"widget\" data-widget_type=\"lte-header.default\">\n\t\t\t\t<div class=\"elementor-widget-container\">\n\t\t\t\t\t<div class=\"lte-heading lte-style-header-subheader heading-tag-h5 heading-subtag-h6\"><div class=\"lte-heading-content\"><h5 class=\"lte-header\">Reservar cita ahora<\/h5><\/div><\/div>\t\t\t\t<\/div>\n\t\t\t\t<\/div>\n\t\t\t\t\t<\/div>\n\t\t\t\t<\/div>\n\t\t<div class=\"elementor-element elementor-element-a1d05f8 e-flex e-con-boxed e-con e-parent\" data-id=\"a1d05f8\" data-element_type=\"container\" data-e-type=\"container\">\n\t\t\t\t\t<div class=\"e-con-inner\">\n\t\t\t\t<div class=\"elementor-element elementor-element-4ea8ba4 elementor-widget elementor-widget-catalogbooking\" data-id=\"4ea8ba4\" data-element_type=\"widget\" data-e-type=\"widget\" data-widget_type=\"catalogbooking.default\">\n\t\t\t\t<div class=\"elementor-widget-container\">\n\t\t\t\t\t\r\n<script>\r\n  if (typeof hasAmeliaEntitiesApiCall === 'undefined' && '' === '') {\r\n    var hasAmeliaEntitiesApiCall = true;\r\n  }\r\n  var ameliaShortcodeData = (typeof ameliaShortcodeData === 'undefined') ? [] : ameliaShortcodeData;\r\n  ameliaShortcodeData.push(\r\n    {\r\n      'hasApiCall': (typeof hasAmeliaEntitiesApiCall !== 'undefined') && hasAmeliaEntitiesApiCall,\r\n      'trigger': '',\r\n      'trigger_type': '',\r\n      'triggered_form': 'cbf',\r\n      'in_dialog': '',\r\n      'show': '',\r\n      'counter': '1000',\r\n      'package': '',\r\n      'category': '',\r\n      'service': '21',\r\n      'employee': '',\r\n      'location': '',\r\n      'categories_hidden': ''\r\n    }\r\n  );\r\n  var ameliaShortcodeDataTriggered = (typeof ameliaShortcodeDataTriggered === 'undefined') ? [] : ameliaShortcodeDataTriggered;\r\n  if (ameliaShortcodeData[ameliaShortcodeData.length - 1].trigger !== '') {\r\n    if (ameliaShortcodeDataTriggered.filter(a => a.counter === ameliaShortcodeData[ameliaShortcodeData.length - 1].counter).length === 0) {\r\n      ameliaShortcodeDataTriggered.push(ameliaShortcodeData.pop());\r\n    } else {\r\n      ameliaShortcodeData.pop()\r\n    }\r\n  }\r\n  if (typeof hasAmeliaEntitiesApiCall !== 'undefined' && hasAmeliaEntitiesApiCall) {\r\n    hasAmeliaEntitiesApiCall = false;\r\n  }\r\n<\/script>\r\n\r\n<div\r\n  id=\"amelia-v2-booking-1000\"\r\n  class=\"amelia-v2-booking\"\r\n>\r\n    <catalog-form-wrapper><\/catalog-form-wrapper><\/div>\r\n\t\t\t\t<\/div>\n\t\t\t\t<\/div>\n\t\t\t\t\t<\/div>\n\t\t\t\t<\/div>\n\t\t\t\t<\/div>","protected":false},"excerpt":{"rendered":"<p>HIDRATACI\u00d3N Hidrataci\u00f3n es una infusi\u00f3n dise\u00f1ada para ofrecer una experiencia de renovaci\u00f3n desde dentro. Su f\u00f3rmula combina soluciones equilibradas con vitaminas esenciales, ideal para quienes priorizan el equilibrio y el [&hellip;]<\/p>","protected":false},"author":1,"featured_media":0,"parent":0,"menu_order":0,"comment_status":"closed","ping_status":"closed","template":"","meta":{"footnotes":""},"class_list":["post-43499","page","type-page","status-publish","hentry"],"_links":{"self":[{"href":"https:\/\/www.vidaplus.eu\/en\/wp-json\/wp\/v2\/pages\/43499","targetHints":{"allow":["GET"]}}],"collection":[{"href":"https:\/\/www.vidaplus.eu\/en\/wp-json\/wp\/v2\/pages"}],"about":[{"href":"https:\/\/www.vidaplus.eu\/en\/wp-json\/wp\/v2\/types\/page"}],"author":[{"embeddable":true,"href":"https:\/\/www.vidaplus.eu\/en\/wp-json\/wp\/v2\/users\/1"}],"replies":[{"embeddable":true,"href":"https:\/\/www.vidaplus.eu\/en\/wp-json\/wp\/v2\/comments?post=43499"}],"version-history":[{"count":23,"href":"https:\/\/www.vidaplus.eu\/en\/wp-json\/wp\/v2\/pages\/43499\/revisions"}],"predecessor-version":[{"id":43741,"href":"https:\/\/www.vidaplus.eu\/en\/wp-json\/wp\/v2\/pages\/43499\/revisions\/43741"}],"wp:attachment":[{"href":"https:\/\/www.vidaplus.eu\/en\/wp-json\/wp\/v2\/media?parent=43499"}],"curies":[{"name":"wp","href":"https:\/\/api.w.org\/{rel}","templated":true}]}}