{"id":43501,"date":"2025-04-06T15:57:12","date_gmt":"2025-04-06T13:57:12","guid":{"rendered":"https:\/\/www.vidaplus.eu\/?page_id=43501"},"modified":"2025-04-07T23:36:39","modified_gmt":"2025-04-07T21:36:39","slug":"magnesio","status":"publish","type":"page","link":"https:\/\/www.vidaplus.eu\/en\/magnesio\/","title":{"rendered":"MAGNESIO"},"content":{"rendered":"<div data-elementor-type=\"wp-page\" data-elementor-id=\"43501\" class=\"elementor elementor-43501\">\n\t\t\t\t<div class=\"elementor-element elementor-element-9313ee9 e-flex e-con-boxed e-con e-parent\" data-id=\"9313ee9\" data-element_type=\"container\" data-e-type=\"container\">\n\t\t\t\t\t<div class=\"e-con-inner\">\n\t\t<div class=\"elementor-element elementor-element-560219c e-con-full e-flex e-con e-child\" data-id=\"560219c\" data-element_type=\"container\" data-e-type=\"container\">\n\t\t\t\t<div class=\"elementor-element elementor-element-8127a48 elementor-widget elementor-widget-image\" data-id=\"8127a48\" data-element_type=\"widget\" data-e-type=\"widget\" data-widget_type=\"image.default\">\n\t\t\t\t<div class=\"elementor-widget-container\">\n\t\t\t\t\t\t\t\t\t\t\t\t\t\t\t<img decoding=\"async\" src=\"https:\/\/www.vidaplus.eu\/wp-content\/uploads\/elementor\/thumbs\/magnesio-r2mb7fmv54mzwewi5c9e9yehpjjja495l29z6wjxvy.png\" title=\"magnesio\" alt=\"magnesio\" loading=\"lazy\" \/>\t\t\t\t\t\t\t\t\t\t\t\t\t\t\t<\/div>\n\t\t\t\t<\/div>\n\t\t\t\t<\/div>\n\t\t<div class=\"elementor-element elementor-element-e9a1587 e-con-full e-flex e-con e-child\" data-id=\"e9a1587\" data-element_type=\"container\" data-e-type=\"container\">\n\t\t\t\t<div class=\"elementor-element elementor-element-c7f93f5 lte-heading-align-tablet-center lte-watermark-offset-1 elementor-widget elementor-widget-lte-header\" data-id=\"c7f93f5\" data-element_type=\"widget\" data-e-type=\"widget\" data-widget_type=\"lte-header.default\">\n\t\t\t\t<div class=\"elementor-widget-container\">\n\t\t\t\t\t<div class=\"lte-heading lte-style-header-subheader heading-tag-h2 heading-subtag-h6\"><div class=\"lte-heading-content\"><h2 class=\"lte-header\">MAGNESIO<\/h2><\/div><\/div>\t\t\t\t<\/div>\n\t\t\t\t<\/div>\n\t\t\t\t<div class=\"elementor-element elementor-element-a90da10 elementor-widget__width-initial elementor-widget-tablet_extra__width-initial elementor-widget elementor-widget-text-editor\" data-id=\"a90da10\" data-element_type=\"widget\" data-e-type=\"widget\" data-widget_type=\"text-editor.default\">\n\t\t\t\t<div class=\"elementor-widget-container\">\n\t\t\t\t\t\t\t\t\t<p><strong>Magnesio<\/strong> es una infusi\u00f3n dise\u00f1ada para quienes valoran la simplicidad y la pureza. Con un solo ingrediente, el magnesio, esta f\u00f3rmula minimalista ofrece una opci\u00f3n sofisticada dentro de los protocolos de bienestar contempor\u00e1neo.<\/p><p><strong>Ingredientes:<\/strong><\/p><ul><li>Magnesio 100%<\/li><\/ul>\t\t\t\t\t\t\t\t<\/div>\n\t\t\t\t<\/div>\n\t\t\t\t<\/div>\n\t\t\t\t\t<\/div>\n\t\t\t\t<\/div>\n\t\t<div class=\"elementor-element elementor-element-288b87e e-flex e-con-boxed e-con e-parent\" data-id=\"288b87e\" data-element_type=\"container\" data-e-type=\"container\">\n\t\t\t\t\t<div class=\"e-con-inner\">\n\t\t\t\t<div class=\"elementor-element elementor-element-d93d524 lte-heading-align-tablet-center lte-watermark-offset-1 elementor-widget elementor-widget-lte-header\" data-id=\"d93d524\" data-element_type=\"widget\" data-e-type=\"widget\" data-widget_type=\"lte-header.default\">\n\t\t\t\t<div class=\"elementor-widget-container\">\n\t\t\t\t\t<div class=\"lte-heading lte-style-header-subheader heading-tag-h5 heading-subtag-h6\"><div class=\"lte-heading-content\"><h5 class=\"lte-header\">Reservar cita ahora<\/h5><\/div><\/div>\t\t\t\t<\/div>\n\t\t\t\t<\/div>\n\t\t\t\t\t<\/div>\n\t\t\t\t<\/div>\n\t\t<div class=\"elementor-element elementor-element-da97fe0 e-flex e-con-boxed e-con e-parent\" data-id=\"da97fe0\" data-element_type=\"container\" data-e-type=\"container\">\n\t\t\t\t\t<div class=\"e-con-inner\">\n\t\t\t\t<div class=\"elementor-element elementor-element-6f1b0e4 elementor-widget elementor-widget-catalogbooking\" data-id=\"6f1b0e4\" data-element_type=\"widget\" data-e-type=\"widget\" data-widget_type=\"catalogbooking.default\">\n\t\t\t\t<div class=\"elementor-widget-container\">\n\t\t\t\t\t\r\n<script>\r\n  if (typeof hasAmeliaEntitiesApiCall === 'undefined' && '' === '') {\r\n    var hasAmeliaEntitiesApiCall = true;\r\n  }\r\n  var ameliaShortcodeData = (typeof ameliaShortcodeData === 'undefined') ? [] : ameliaShortcodeData;\r\n  ameliaShortcodeData.push(\r\n    {\r\n      'hasApiCall': (typeof hasAmeliaEntitiesApiCall !== 'undefined') && hasAmeliaEntitiesApiCall,\r\n      'trigger': '',\r\n      'trigger_type': '',\r\n      'triggered_form': 'cbf',\r\n      'in_dialog': '',\r\n      'show': '',\r\n      'counter': '1000',\r\n      'package': '',\r\n      'category': '',\r\n      'service': '24',\r\n      'employee': '',\r\n      'location': '',\r\n      'categories_hidden': ''\r\n    }\r\n  );\r\n  var ameliaShortcodeDataTriggered = (typeof ameliaShortcodeDataTriggered === 'undefined') ? [] : ameliaShortcodeDataTriggered;\r\n  if (ameliaShortcodeData[ameliaShortcodeData.length - 1].trigger !== '') {\r\n    if (ameliaShortcodeDataTriggered.filter(a => a.counter === ameliaShortcodeData[ameliaShortcodeData.length - 1].counter).length === 0) {\r\n      ameliaShortcodeDataTriggered.push(ameliaShortcodeData.pop());\r\n    } else {\r\n      ameliaShortcodeData.pop()\r\n    }\r\n  }\r\n  if (typeof hasAmeliaEntitiesApiCall !== 'undefined' && hasAmeliaEntitiesApiCall) {\r\n    hasAmeliaEntitiesApiCall = false;\r\n  }\r\n<\/script>\r\n\r\n<div\r\n  id=\"amelia-v2-booking-1000\"\r\n  class=\"amelia-v2-booking\"\r\n>\r\n    <catalog-form-wrapper><\/catalog-form-wrapper><\/div>\r\n\t\t\t\t<\/div>\n\t\t\t\t<\/div>\n\t\t\t\t\t<\/div>\n\t\t\t\t<\/div>\n\t\t\t\t<\/div>","protected":false},"excerpt":{"rendered":"<p>MAGNESIO Magnesio es una infusi\u00f3n dise\u00f1ada para quienes valoran la simplicidad y la pureza. Con un solo ingrediente, el magnesio, esta f\u00f3rmula minimalista ofrece una opci\u00f3n sofisticada dentro de los [&hellip;]<\/p>","protected":false},"author":1,"featured_media":0,"parent":0,"menu_order":0,"comment_status":"closed","ping_status":"closed","template":"","meta":{"footnotes":""},"class_list":["post-43501","page","type-page","status-publish","hentry"],"_links":{"self":[{"href":"https:\/\/www.vidaplus.eu\/en\/wp-json\/wp\/v2\/pages\/43501","targetHints":{"allow":["GET"]}}],"collection":[{"href":"https:\/\/www.vidaplus.eu\/en\/wp-json\/wp\/v2\/pages"}],"about":[{"href":"https:\/\/www.vidaplus.eu\/en\/wp-json\/wp\/v2\/types\/page"}],"author":[{"embeddable":true,"href":"https:\/\/www.vidaplus.eu\/en\/wp-json\/wp\/v2\/users\/1"}],"replies":[{"embeddable":true,"href":"https:\/\/www.vidaplus.eu\/en\/wp-json\/wp\/v2\/comments?post=43501"}],"version-history":[{"count":26,"href":"https:\/\/www.vidaplus.eu\/en\/wp-json\/wp\/v2\/pages\/43501\/revisions"}],"predecessor-version":[{"id":43732,"href":"https:\/\/www.vidaplus.eu\/en\/wp-json\/wp\/v2\/pages\/43501\/revisions\/43732"}],"wp:attachment":[{"href":"https:\/\/www.vidaplus.eu\/en\/wp-json\/wp\/v2\/media?parent=43501"}],"curies":[{"name":"wp","href":"https:\/\/api.w.org\/{rel}","templated":true}]}}