{"id":43503,"date":"2025-04-06T15:57:48","date_gmt":"2025-04-06T13:57:48","guid":{"rendered":"https:\/\/www.vidaplus.eu\/?page_id=43503"},"modified":"2025-04-08T12:11:17","modified_gmt":"2025-04-08T10:11:17","slug":"piel-eterna","status":"publish","type":"page","link":"https:\/\/www.vidaplus.eu\/en\/piel-eterna\/","title":{"rendered":"PIEL ETERNA"},"content":{"rendered":"<div data-elementor-type=\"wp-page\" data-elementor-id=\"43503\" class=\"elementor elementor-43503\">\n\t\t\t\t<div class=\"elementor-element elementor-element-a703cf0 e-flex e-con-boxed e-con e-parent\" data-id=\"a703cf0\" data-element_type=\"container\" data-e-type=\"container\">\n\t\t\t\t\t<div class=\"e-con-inner\">\n\t\t<div class=\"elementor-element elementor-element-92bb860 e-con-full e-flex e-con e-child\" data-id=\"92bb860\" data-element_type=\"container\" data-e-type=\"container\">\n\t\t\t\t<div class=\"elementor-element elementor-element-08ade67 elementor-widget elementor-widget-image\" data-id=\"08ade67\" data-element_type=\"widget\" data-e-type=\"widget\" data-widget_type=\"image.default\">\n\t\t\t\t<div class=\"elementor-widget-container\">\n\t\t\t\t\t\t\t\t\t\t\t\t\t\t\t<img decoding=\"async\" src=\"https:\/\/www.vidaplus.eu\/wp-content\/uploads\/elementor\/thumbs\/pieleterna-r2mb7gkpbyoa80v4zuo0ug5yaxewhtcvx6xgo6ijpq.png\" title=\"pieleterna\" alt=\"pieleterna\" loading=\"lazy\" \/>\t\t\t\t\t\t\t\t\t\t\t\t\t\t\t<\/div>\n\t\t\t\t<\/div>\n\t\t\t\t<\/div>\n\t\t<div class=\"elementor-element elementor-element-3510a55 e-con-full e-flex e-con e-child\" data-id=\"3510a55\" data-element_type=\"container\" data-e-type=\"container\">\n\t\t\t\t<div class=\"elementor-element elementor-element-ba08490 lte-heading-align-tablet-center lte-watermark-offset-1 elementor-widget elementor-widget-lte-header\" data-id=\"ba08490\" data-element_type=\"widget\" data-e-type=\"widget\" data-widget_type=\"lte-header.default\">\n\t\t\t\t<div class=\"elementor-widget-container\">\n\t\t\t\t\t<div class=\"lte-heading lte-style-header-subheader heading-tag-h2 heading-subtag-h6\"><div class=\"lte-heading-content\"><h2 class=\"lte-header\">PIEL ETERNA<\/h2><\/div><\/div>\t\t\t\t<\/div>\n\t\t\t\t<\/div>\n\t\t\t\t<div class=\"elementor-element elementor-element-fef042e elementor-widget__width-initial elementor-widget-tablet_extra__width-initial elementor-widget elementor-widget-text-editor\" data-id=\"fef042e\" data-element_type=\"widget\" data-e-type=\"widget\" data-widget_type=\"text-editor.default\">\n\t\t\t\t<div class=\"elementor-widget-container\">\n\t\t\t\t\t\t\t\t\t<p>Esta combinaci\u00f3n exclusiva en forma de infusi\u00f3n re\u00fane Glutati\u00f3n y Vitamina C, dos componentes ampliamente reconocidos en el \u00e1mbito del bienestar. Una f\u00f3rmula pensada para quienes buscan una experiencia revitalizante desde el interior, con un enfoque integral y moderno.<\/p><p><strong>Ingredientes:<\/strong><\/p><ul><li>Glutati\u00f3n<\/li><li>Vitamina C<\/li><\/ul>\t\t\t\t\t\t\t\t<\/div>\n\t\t\t\t<\/div>\n\t\t\t\t<\/div>\n\t\t\t\t\t<\/div>\n\t\t\t\t<\/div>\n\t\t<div class=\"elementor-element elementor-element-5a39c1d e-flex e-con-boxed e-con e-parent\" data-id=\"5a39c1d\" data-element_type=\"container\" data-e-type=\"container\">\n\t\t\t\t\t<div class=\"e-con-inner\">\n\t\t\t\t<div class=\"elementor-element elementor-element-a23d8d9 lte-heading-align-tablet-center lte-watermark-offset-1 elementor-widget elementor-widget-lte-header\" data-id=\"a23d8d9\" data-element_type=\"widget\" data-e-type=\"widget\" data-widget_type=\"lte-header.default\">\n\t\t\t\t<div class=\"elementor-widget-container\">\n\t\t\t\t\t<div class=\"lte-heading lte-style-header-subheader heading-tag-h5 heading-subtag-h6\"><div class=\"lte-heading-content\"><h5 class=\"lte-header\">Reservar cita ahora<\/h5><\/div><\/div>\t\t\t\t<\/div>\n\t\t\t\t<\/div>\n\t\t\t\t\t<\/div>\n\t\t\t\t<\/div>\n\t\t<div class=\"elementor-element elementor-element-8470498 e-flex e-con-boxed e-con e-parent\" data-id=\"8470498\" data-element_type=\"container\" data-e-type=\"container\">\n\t\t\t\t\t<div class=\"e-con-inner\">\n\t\t\t\t<div class=\"elementor-element elementor-element-1faf146 elementor-widget elementor-widget-catalogbooking\" data-id=\"1faf146\" data-element_type=\"widget\" data-e-type=\"widget\" data-widget_type=\"catalogbooking.default\">\n\t\t\t\t<div class=\"elementor-widget-container\">\n\t\t\t\t\t\r\n<script>\r\n  if (typeof hasAmeliaEntitiesApiCall === 'undefined' && '' === '') {\r\n    var hasAmeliaEntitiesApiCall = true;\r\n  }\r\n  var ameliaShortcodeData = (typeof ameliaShortcodeData === 'undefined') ? [] : ameliaShortcodeData;\r\n  ameliaShortcodeData.push(\r\n    {\r\n      'hasApiCall': (typeof hasAmeliaEntitiesApiCall !== 'undefined') && hasAmeliaEntitiesApiCall,\r\n      'trigger': '',\r\n      'trigger_type': '',\r\n      'triggered_form': 'cbf',\r\n      'in_dialog': '',\r\n      'show': '',\r\n      'counter': '1000',\r\n      'package': '',\r\n      'category': '',\r\n      'service': '26',\r\n      'employee': '',\r\n      'location': '',\r\n      'categories_hidden': ''\r\n    }\r\n  );\r\n  var ameliaShortcodeDataTriggered = (typeof ameliaShortcodeDataTriggered === 'undefined') ? [] : ameliaShortcodeDataTriggered;\r\n  if (ameliaShortcodeData[ameliaShortcodeData.length - 1].trigger !== '') {\r\n    if (ameliaShortcodeDataTriggered.filter(a => a.counter === ameliaShortcodeData[ameliaShortcodeData.length - 1].counter).length === 0) {\r\n      ameliaShortcodeDataTriggered.push(ameliaShortcodeData.pop());\r\n    } else {\r\n      ameliaShortcodeData.pop()\r\n    }\r\n  }\r\n  if (typeof hasAmeliaEntitiesApiCall !== 'undefined' && hasAmeliaEntitiesApiCall) {\r\n    hasAmeliaEntitiesApiCall = false;\r\n  }\r\n<\/script>\r\n\r\n<div\r\n  id=\"amelia-v2-booking-1000\"\r\n  class=\"amelia-v2-booking\"\r\n>\r\n    <catalog-form-wrapper><\/catalog-form-wrapper><\/div>\r\n\t\t\t\t<\/div>\n\t\t\t\t<\/div>\n\t\t\t\t\t<\/div>\n\t\t\t\t<\/div>\n\t\t\t\t<\/div>","protected":false},"excerpt":{"rendered":"<p>PIEL ETERNA Esta combinaci\u00f3n exclusiva en forma de infusi\u00f3n re\u00fane Glutati\u00f3n y Vitamina C, dos componentes ampliamente reconocidos en el \u00e1mbito del bienestar. Una f\u00f3rmula pensada para quienes buscan una [&hellip;]<\/p>","protected":false},"author":1,"featured_media":0,"parent":0,"menu_order":0,"comment_status":"closed","ping_status":"closed","template":"","meta":{"footnotes":""},"class_list":["post-43503","page","type-page","status-publish","hentry"],"_links":{"self":[{"href":"https:\/\/www.vidaplus.eu\/en\/wp-json\/wp\/v2\/pages\/43503","targetHints":{"allow":["GET"]}}],"collection":[{"href":"https:\/\/www.vidaplus.eu\/en\/wp-json\/wp\/v2\/pages"}],"about":[{"href":"https:\/\/www.vidaplus.eu\/en\/wp-json\/wp\/v2\/types\/page"}],"author":[{"embeddable":true,"href":"https:\/\/www.vidaplus.eu\/en\/wp-json\/wp\/v2\/users\/1"}],"replies":[{"embeddable":true,"href":"https:\/\/www.vidaplus.eu\/en\/wp-json\/wp\/v2\/comments?post=43503"}],"version-history":[{"count":26,"href":"https:\/\/www.vidaplus.eu\/en\/wp-json\/wp\/v2\/pages\/43503\/revisions"}],"predecessor-version":[{"id":43735,"href":"https:\/\/www.vidaplus.eu\/en\/wp-json\/wp\/v2\/pages\/43503\/revisions\/43735"}],"wp:attachment":[{"href":"https:\/\/www.vidaplus.eu\/en\/wp-json\/wp\/v2\/media?parent=43503"}],"curies":[{"name":"wp","href":"https:\/\/api.w.org\/{rel}","templated":true}]}}